{"id":8057,"date":"2019-03-20T10:12:03","date_gmt":"2019-03-20T08:12:03","guid":{"rendered":"https:\/\/www.impulso.es\/trabajos-de-ingenieria\/"},"modified":"2021-11-26T12:54:33","modified_gmt":"2021-11-26T10:54:33","slug":"works-of-engineering","status":"publish","type":"page","link":"https:\/\/www.impulso.es\/en\/works-of-engineering\/","title":{"rendered":"Works of Engineering"},"content":{"rendered":"<div class=\"wpb-content-wrapper\"><p>[vc_row content_width=&#8221;fullwidth&#8221; el_class=&#8221;fullwidth&#8221;][vc_column][vc_empty_space]<div class=\"vntd-special-heading\"style=\"margin-bottom:px;\"><h1 class=\"header \" >Works of Engineering<\/h1><div class=\"header-strips-one \" ><\/div><h2 class=\"description normal \" >Impulso\u2019s engineering works selection<\/h2><\/div><div class=\"portfolio t-center \"><div class=\"vntd-grid-before\"><\/div>\t<div id=\"options\" class=\"filter-menu fullwidth\">\n\t\t<ul id=\"filters\" class=\"option-set relative normal font-primary uppercase\" data-option-key=\"filter\">\n\t\t\t<li><a href=\"#filter\" data-option-value=\"*\" class=\"selected\">Show All<\/a><\/li>\n\t\t\t<li><a href=\"#filter\" data-option-value=\".cat-agroalimentary\"><span>Agroalimentary<\/span><\/a><\/li><li><a href=\"#filter\" data-option-value=\".cat-aquaculture\"><span>Aquaculture<\/span><\/a><\/li><li><a href=\"#filter\" data-option-value=\".cat-civil-en\"><span>Civil<\/span><\/a><\/li><li><a href=\"#filter\" data-option-value=\".cat-energy\"><span>Energy<\/span><\/a><\/li><li><a href=\"#filter\" data-option-value=\".cat-engineering\"><span>Engineering<\/span><\/a><\/li><li><a href=\"#filter\" data-option-value=\".cat-industrial-en\"><span>Industrial ENG<\/span><\/a><\/li><li><a href=\"#filter\" data-option-value=\".cat-urbanizacion-en\"><span>Land development<\/span><\/a><\/li><li><a href=\"#filter\" data-option-value=\".cat-estacion-de-servicio-en\"><span>Service station<\/span><\/a><\/li><li><a href=\"#filter\" data-option-value=\".cat-water\"><span>Water<\/span><\/a><\/li>\t\t<\/ul>\n\t<\/div>\n\t<div class=\"portfolio-items\">\n\t\t\t\t\t<div class=\"item boxed-item col-xs-4 cat-engineering cat-estacion-de-servicio-en \">\n\t\t\t\t\t\t<!-- Item Inner -->\n\t\t\t\t\t\t<div class=\"item-inner\">\n\t\t\t\t\t\t\t<!-- Item Link -->\n\t\t\t\t\t\t\t<a href=\"https:\/\/www.impulso.es\/en\/portfolio\/estacion-de-servicio-en-asturias\/\" class=\"work-image\">\n\t\t\t\t\t\t\t\t<!-- Item Image -->\n\t\t\t\t\t\t\t\t<img decoding=\"async\" src=\"https:\/\/www.impulso.es\/wp-content\/uploads\/2021\/08\/E.Servicio_0-Trabajo-450x350.jpg\" alt=\"Estaci\u00f3n de servicio en Asturias\">\n\t\t\t\t\t\t\t\t<!-- Item Details -->\n\t\t\t\t\t\t\t\t<div class=\"item-details\">\n\t\t\t\t\t\t\t\t\t<!-- Item Header -->\n\t\t\t\t\t\t\t\t\t<h3 class=\"portfolio-grid-title white\">Estaci\u00f3n de servicio en Asturias<\/h3>\n\t\t\t\t\t\t\t\t\t<!-- Item Strips -->\n\t\t\t\t\t\t\t\t\t<span class=\"portfolio-strips\"><\/span>\n\t\t\t\t\t\t\t\t\t<!-- Item Description -->\n\t\t\t\t\t\t\t\t\t<p class=\"font-primary uppercase\">\n\t\t\t\t\t\t\t\t\t\tEngineering, Service station\t\t\t\t\t\t\t\t\t<\/p>\n\t\t\t\t\t\t\t\t<\/div>\n\t\t\t\t\t\t\t\t<!-- End Item Details -->\n\t\t\t\t\t\t\t<\/a>\n\t\t\t\t\t\t\t<!-- End Item Link -->\n\t\t\t\t\t\t<\/div>\n\t\t\t\t\t\t<!-- End Item Inner -->\n\t\t\t\t\t<\/div>\n\n\t\t\t\t\t\n\t\t\t\t\t<div class=\"item boxed-item col-xs-4 cat-aquaculture cat-civil-en cat-portugal-en cat-water \">\n\t\t\t\t\t\t<!-- Item Inner -->\n\t\t\t\t\t\t<div class=\"item-inner\">\n\t\t\t\t\t\t\t<!-- Item Link -->\n\t\t\t\t\t\t\t<a href=\"https:\/\/www.impulso.es\/en\/portfolio\/planta-acuicultura-mira\/\" class=\"work-image\">\n\t\t\t\t\t\t\t\t<!-- Item Image -->\n\t\t\t\t\t\t\t\t<img decoding=\"async\" src=\"https:\/\/www.impulso.es\/wp-content\/uploads\/2017\/11\/Acuicultura-Mira_0-Trabajo-450x350.jpg\" alt=\"Mira Aquaculture Plan\">\n\t\t\t\t\t\t\t\t<!-- Item Details -->\n\t\t\t\t\t\t\t\t<div class=\"item-details\">\n\t\t\t\t\t\t\t\t\t<!-- Item Header -->\n\t\t\t\t\t\t\t\t\t<h3 class=\"portfolio-grid-title white\">Mira Aquaculture Plan<\/h3>\n\t\t\t\t\t\t\t\t\t<!-- Item Strips -->\n\t\t\t\t\t\t\t\t\t<span class=\"portfolio-strips\"><\/span>\n\t\t\t\t\t\t\t\t\t<!-- Item Description -->\n\t\t\t\t\t\t\t\t\t<p class=\"font-primary uppercase\">\n\t\t\t\t\t\t\t\t\t\tAquaculture, Civil, Portugal, Water\t\t\t\t\t\t\t\t\t<\/p>\n\t\t\t\t\t\t\t\t<\/div>\n\t\t\t\t\t\t\t\t<!-- End Item Details -->\n\t\t\t\t\t\t\t<\/a>\n\t\t\t\t\t\t\t<!-- End Item Link -->\n\t\t\t\t\t\t<\/div>\n\t\t\t\t\t\t<!-- End Item Inner -->\n\t\t\t\t\t<\/div>\n\n\t\t\t\t\t\n\t\t\t\t\t<div class=\"item boxed-item col-xs-4 cat-agroalimentary cat-engineering cat-industrial-en \">\n\t\t\t\t\t\t<!-- Item Inner -->\n\t\t\t\t\t\t<div class=\"item-inner\">\n\t\t\t\t\t\t\t<!-- Item Link -->\n\t\t\t\t\t\t\t<a href=\"https:\/\/www.impulso.es\/en\/portfolio\/nueva-industria-agroalimentaria-de-procesado-de-hortalizas-para-iv-gama\/\" class=\"work-image\">\n\t\t\t\t\t\t\t\t<!-- Item Image -->\n\t\t\t\t\t\t\t\t<img decoding=\"async\" src=\"https:\/\/www.impulso.es\/wp-content\/uploads\/2021\/10\/Verdifresh_0-Trabajo-450x350.jpg\" alt=\"New agro-food plant for processing ready to eat fresh vegetables in Burgos\">\n\t\t\t\t\t\t\t\t<!-- Item Details -->\n\t\t\t\t\t\t\t\t<div class=\"item-details\">\n\t\t\t\t\t\t\t\t\t<!-- Item Header -->\n\t\t\t\t\t\t\t\t\t<h3 class=\"portfolio-grid-title white\">New agro-food plant for processing ready to eat fresh vegetables in Burgos<\/h3>\n\t\t\t\t\t\t\t\t\t<!-- Item Strips -->\n\t\t\t\t\t\t\t\t\t<span class=\"portfolio-strips\"><\/span>\n\t\t\t\t\t\t\t\t\t<!-- Item Description -->\n\t\t\t\t\t\t\t\t\t<p class=\"font-primary uppercase\">\n\t\t\t\t\t\t\t\t\t\tAgroalimentary, Engineering, Industrial ENG\t\t\t\t\t\t\t\t\t<\/p>\n\t\t\t\t\t\t\t\t<\/div>\n\t\t\t\t\t\t\t\t<!-- End Item Details -->\n\t\t\t\t\t\t\t<\/a>\n\t\t\t\t\t\t\t<!-- End Item Link -->\n\t\t\t\t\t\t<\/div>\n\t\t\t\t\t\t<!-- End Item Inner -->\n\t\t\t\t\t<\/div>\n\n\t\t\t\t\t\n\t\t\t\t\t<div class=\"item boxed-item col-xs-4 cat-engineering cat-urbanizacion-en \">\n\t\t\t\t\t\t<!-- Item Inner -->\n\t\t\t\t\t\t<div class=\"item-inner\">\n\t\t\t\t\t\t\t<!-- Item Link -->\n\t\t\t\t\t\t\t<a href=\"https:\/\/www.impulso.es\/en\/portfolio\/phase-i-of-the-development-project-for-the-logistic-and-industrial-activity-area-of-asturias\/\" class=\"work-image\">\n\t\t\t\t\t\t\t\t<!-- Item Image -->\n\t\t\t\t\t\t\t\t<img decoding=\"async\" src=\"https:\/\/www.impulso.es\/wp-content\/uploads\/2019\/10\/Zalia-Trabajo-450x350.jpg\" alt=\"Phase I of the Development Project for the Logistic and Industrial Activity Area of Asturias\">\n\t\t\t\t\t\t\t\t<!-- Item Details -->\n\t\t\t\t\t\t\t\t<div class=\"item-details\">\n\t\t\t\t\t\t\t\t\t<!-- Item Header -->\n\t\t\t\t\t\t\t\t\t<h3 class=\"portfolio-grid-title white\">Phase I of the Development Project for the Logistic and Industrial Activity Area of Asturias<\/h3>\n\t\t\t\t\t\t\t\t\t<!-- Item Strips -->\n\t\t\t\t\t\t\t\t\t<span class=\"portfolio-strips\"><\/span>\n\t\t\t\t\t\t\t\t\t<!-- Item Description -->\n\t\t\t\t\t\t\t\t\t<p class=\"font-primary uppercase\">\n\t\t\t\t\t\t\t\t\t\tEngineering, Land development\t\t\t\t\t\t\t\t\t<\/p>\n\t\t\t\t\t\t\t\t<\/div>\n\t\t\t\t\t\t\t\t<!-- End Item Details -->\n\t\t\t\t\t\t\t<\/a>\n\t\t\t\t\t\t\t<!-- End Item Link -->\n\t\t\t\t\t\t<\/div>\n\t\t\t\t\t\t<!-- End Item Inner -->\n\t\t\t\t\t<\/div>\n\n\t\t\t\t\t\n\t\t\t\t\t<div class=\"item boxed-item col-xs-4 cat-industrial-en \">\n\t\t\t\t\t\t<!-- Item Inner -->\n\t\t\t\t\t\t<div class=\"item-inner\">\n\t\t\t\t\t\t\t<!-- Item Link -->\n\t\t\t\t\t\t\t<a href=\"https:\/\/www.impulso.es\/en\/portfolio\/nueva-planta-industrial-de-transformados-tecnologicos-del-vidrio\/\" class=\"work-image\">\n\t\t\t\t\t\t\t\t<!-- Item Image -->\n\t\t\t\t\t\t\t\t<img decoding=\"async\" src=\"https:\/\/www.impulso.es\/wp-content\/uploads\/2019\/06\/Tvitec-Trabajo-450x350.jpg\" alt=\"New industrial plant for glass transforming technology\">\n\t\t\t\t\t\t\t\t<!-- Item Details -->\n\t\t\t\t\t\t\t\t<div class=\"item-details\">\n\t\t\t\t\t\t\t\t\t<!-- Item Header -->\n\t\t\t\t\t\t\t\t\t<h3 class=\"portfolio-grid-title white\">New industrial plant for glass transforming technology<\/h3>\n\t\t\t\t\t\t\t\t\t<!-- Item Strips -->\n\t\t\t\t\t\t\t\t\t<span class=\"portfolio-strips\"><\/span>\n\t\t\t\t\t\t\t\t\t<!-- Item Description -->\n\t\t\t\t\t\t\t\t\t<p class=\"font-primary uppercase\">\n\t\t\t\t\t\t\t\t\t\tIndustrial ENG\t\t\t\t\t\t\t\t\t<\/p>\n\t\t\t\t\t\t\t\t<\/div>\n\t\t\t\t\t\t\t\t<!-- End Item Details -->\n\t\t\t\t\t\t\t<\/a>\n\t\t\t\t\t\t\t<!-- End Item Link -->\n\t\t\t\t\t\t<\/div>\n\t\t\t\t\t\t<!-- End Item Inner -->\n\t\t\t\t\t<\/div>\n\n\t\t\t\t\t\n\t\t\t\t\t<div class=\"item boxed-item col-xs-4 cat-engineering cat-industrial-en \">\n\t\t\t\t\t\t<!-- Item Inner -->\n\t\t\t\t\t\t<div class=\"item-inner\">\n\t\t\t\t\t\t\t<!-- Item Link -->\n\t\t\t\t\t\t\t<a href=\"https:\/\/www.impulso.es\/en\/portfolio\/cimentacion-de-una-linea-de-aleacion-de-alambre-de-aluminio\/\" class=\"work-image\">\n\t\t\t\t\t\t\t\t<!-- Item Image -->\n\t\t\t\t\t\t\t\t<img decoding=\"async\" src=\"https:\/\/www.impulso.es\/wp-content\/uploads\/2021\/08\/Esal-Rod-Alloys-Trabajo-450x350.jpg\" alt=\"Cimentaci\u00f3n de una l\u00ednea de aleaci\u00f3n de alambre de aluminio en Asturias\">\n\t\t\t\t\t\t\t\t<!-- Item Details -->\n\t\t\t\t\t\t\t\t<div class=\"item-details\">\n\t\t\t\t\t\t\t\t\t<!-- Item Header -->\n\t\t\t\t\t\t\t\t\t<h3 class=\"portfolio-grid-title white\">Cimentaci\u00f3n de una l\u00ednea de aleaci\u00f3n de alambre de aluminio en Asturias<\/h3>\n\t\t\t\t\t\t\t\t\t<!-- Item Strips -->\n\t\t\t\t\t\t\t\t\t<span class=\"portfolio-strips\"><\/span>\n\t\t\t\t\t\t\t\t\t<!-- Item Description -->\n\t\t\t\t\t\t\t\t\t<p class=\"font-primary uppercase\">\n\t\t\t\t\t\t\t\t\t\tEngineering, Industrial ENG\t\t\t\t\t\t\t\t\t<\/p>\n\t\t\t\t\t\t\t\t<\/div>\n\t\t\t\t\t\t\t\t<!-- End Item Details -->\n\t\t\t\t\t\t\t<\/a>\n\t\t\t\t\t\t\t<!-- End Item Link -->\n\t\t\t\t\t\t<\/div>\n\t\t\t\t\t\t<!-- End Item Inner -->\n\t\t\t\t\t<\/div>\n\n\t\t\t\t\t\n\t\t\t\t\t<div class=\"item boxed-item col-xs-4 cat-architecture cat-engineering cat-industrial-en \">\n\t\t\t\t\t\t<!-- Item Inner -->\n\t\t\t\t\t\t<div class=\"item-inner\">\n\t\t\t\t\t\t\t<!-- Item Link -->\n\t\t\t\t\t\t\t<a href=\"https:\/\/www.impulso.es\/en\/portfolio\/planta-de-criobiotecnologia-industrial-alcala-de-henares\/\" class=\"work-image\">\n\t\t\t\t\t\t\t\t<!-- Item Image -->\n\t\t\t\t\t\t\t\t<img decoding=\"async\" src=\"https:\/\/www.impulso.es\/wp-content\/uploads\/2018\/04\/Cribiotecnologia-Trabajo-450x350.jpg\" alt=\"Industrial cryobiotechnology plant in Alcal\u00e1 de Henares\">\n\t\t\t\t\t\t\t\t<!-- Item Details -->\n\t\t\t\t\t\t\t\t<div class=\"item-details\">\n\t\t\t\t\t\t\t\t\t<!-- Item Header -->\n\t\t\t\t\t\t\t\t\t<h3 class=\"portfolio-grid-title white\">Industrial cryobiotechnology plant in Alcal\u00e1 de Henares<\/h3>\n\t\t\t\t\t\t\t\t\t<!-- Item Strips -->\n\t\t\t\t\t\t\t\t\t<span class=\"portfolio-strips\"><\/span>\n\t\t\t\t\t\t\t\t\t<!-- Item Description -->\n\t\t\t\t\t\t\t\t\t<p class=\"font-primary uppercase\">\n\t\t\t\t\t\t\t\t\t\tArchitecture, Engineering, Industrial ENG\t\t\t\t\t\t\t\t\t<\/p>\n\t\t\t\t\t\t\t\t<\/div>\n\t\t\t\t\t\t\t\t<!-- End Item Details -->\n\t\t\t\t\t\t\t<\/a>\n\t\t\t\t\t\t\t<!-- End Item Link -->\n\t\t\t\t\t\t<\/div>\n\t\t\t\t\t\t<!-- End Item Inner -->\n\t\t\t\t\t<\/div>\n\n\t\t\t\t\t\n\t\t\t\t\t<div class=\"item boxed-item col-xs-4 cat-energy cat-engineering \">\n\t\t\t\t\t\t<!-- Item Inner -->\n\t\t\t\t\t\t<div class=\"item-inner\">\n\t\t\t\t\t\t\t<!-- Item Link -->\n\t\t\t\t\t\t\t<a href=\"https:\/\/www.impulso.es\/en\/portfolio\/asistencia-tecnica-para-realizar-el-diagnostico-de-la-red-electrica-de-rtpa\/\" class=\"work-image\">\n\t\t\t\t\t\t\t\t<!-- Item Image -->\n\t\t\t\t\t\t\t\t<img decoding=\"async\" src=\"https:\/\/www.impulso.es\/wp-content\/uploads\/2017\/11\/Universidad-Gijon-450x350.jpg\" alt=\"RTPA electric network diagnosis\">\n\t\t\t\t\t\t\t\t<!-- Item Details -->\n\t\t\t\t\t\t\t\t<div class=\"item-details\">\n\t\t\t\t\t\t\t\t\t<!-- Item Header -->\n\t\t\t\t\t\t\t\t\t<h3 class=\"portfolio-grid-title white\">RTPA electric network diagnosis<\/h3>\n\t\t\t\t\t\t\t\t\t<!-- Item Strips -->\n\t\t\t\t\t\t\t\t\t<span class=\"portfolio-strips\"><\/span>\n\t\t\t\t\t\t\t\t\t<!-- Item Description -->\n\t\t\t\t\t\t\t\t\t<p class=\"font-primary uppercase\">\n\t\t\t\t\t\t\t\t\t\tEnergy, Engineering\t\t\t\t\t\t\t\t\t<\/p>\n\t\t\t\t\t\t\t\t<\/div>\n\t\t\t\t\t\t\t\t<!-- End Item Details -->\n\t\t\t\t\t\t\t<\/a>\n\t\t\t\t\t\t\t<!-- End Item Link -->\n\t\t\t\t\t\t<\/div>\n\t\t\t\t\t\t<!-- End Item Inner -->\n\t\t\t\t\t<\/div>\n\n\t\t\t\t\t\n\t\t\t\t\t<div class=\"item boxed-item col-xs-4 cat-energy cat-engineering cat-jamaica-en \">\n\t\t\t\t\t\t<!-- Item Inner -->\n\t\t\t\t\t\t<div class=\"item-inner\">\n\t\t\t\t\t\t\t<!-- Item Link -->\n\t\t\t\t\t\t\t<a href=\"https:\/\/www.impulso.es\/en\/portfolio\/planta-de-energia-de-ciclo-comb-en-old-harbour-bay\/\" class=\"work-image\">\n\t\t\t\t\t\t\t\t<!-- Item Image -->\n\t\t\t\t\t\t\t\t<img decoding=\"async\" src=\"https:\/\/www.impulso.es\/wp-content\/uploads\/2017\/11\/ciclo-jamaica9-450x350.jpg\" alt=\"Old Harbour Combined Cycle Power Plant\">\n\t\t\t\t\t\t\t\t<!-- Item Details -->\n\t\t\t\t\t\t\t\t<div class=\"item-details\">\n\t\t\t\t\t\t\t\t\t<!-- Item Header -->\n\t\t\t\t\t\t\t\t\t<h3 class=\"portfolio-grid-title white\">Old Harbour Combined Cycle Power Plant<\/h3>\n\t\t\t\t\t\t\t\t\t<!-- Item Strips -->\n\t\t\t\t\t\t\t\t\t<span class=\"portfolio-strips\"><\/span>\n\t\t\t\t\t\t\t\t\t<!-- Item Description -->\n\t\t\t\t\t\t\t\t\t<p class=\"font-primary uppercase\">\n\t\t\t\t\t\t\t\t\t\tEnergy, Engineering, Jamaica\t\t\t\t\t\t\t\t\t<\/p>\n\t\t\t\t\t\t\t\t<\/div>\n\t\t\t\t\t\t\t\t<!-- End Item Details -->\n\t\t\t\t\t\t\t<\/a>\n\t\t\t\t\t\t\t<!-- End Item Link -->\n\t\t\t\t\t\t<\/div>\n\t\t\t\t\t\t<!-- End Item Inner -->\n\t\t\t\t\t<\/div>\n\n\t\t\t\t\t\n\t\t\t\t\t<div class=\"item boxed-item col-xs-4 cat-engineering cat-strategic-consulting-ingenieria cat-water \">\n\t\t\t\t\t\t<!-- Item Inner -->\n\t\t\t\t\t\t<div class=\"item-inner\">\n\t\t\t\t\t\t\t<!-- Item Link -->\n\t\t\t\t\t\t\t<a href=\"https:\/\/www.impulso.es\/en\/portfolio\/camaron-colombia\/\" class=\"work-image\">\n\t\t\t\t\t\t\t\t<!-- Item Image -->\n\t\t\t\t\t\t\t\t<img decoding=\"async\" src=\"https:\/\/www.impulso.es\/wp-content\/uploads\/2017\/11\/Camaron-3-450x350.jpg\" alt=\"Colombia shrimp\">\n\t\t\t\t\t\t\t\t<!-- Item Details -->\n\t\t\t\t\t\t\t\t<div class=\"item-details\">\n\t\t\t\t\t\t\t\t\t<!-- Item Header -->\n\t\t\t\t\t\t\t\t\t<h3 class=\"portfolio-grid-title white\">Colombia shrimp<\/h3>\n\t\t\t\t\t\t\t\t\t<!-- Item Strips -->\n\t\t\t\t\t\t\t\t\t<span class=\"portfolio-strips\"><\/span>\n\t\t\t\t\t\t\t\t\t<!-- Item Description -->\n\t\t\t\t\t\t\t\t\t<p class=\"font-primary uppercase\">\n\t\t\t\t\t\t\t\t\t\tEngineering, Strategic consulting, Water\t\t\t\t\t\t\t\t\t<\/p>\n\t\t\t\t\t\t\t\t<\/div>\n\t\t\t\t\t\t\t\t<!-- End Item Details -->\n\t\t\t\t\t\t\t<\/a>\n\t\t\t\t\t\t\t<!-- End Item Link -->\n\t\t\t\t\t\t<\/div>\n\t\t\t\t\t\t<!-- End Item Inner -->\n\t\t\t\t\t<\/div>\n\n\t\t\t\t\t\n\t\t\t\t\t<div class=\"item boxed-item col-xs-4 cat-energy cat-engineering cat-nicaragua-en cat-strategic-consulting-ingenieria \">\n\t\t\t\t\t\t<!-- Item Inner -->\n\t\t\t\t\t\t<div class=\"item-inner\">\n\t\t\t\t\t\t\t<!-- Item Link -->\n\t\t\t\t\t\t\t<a href=\"https:\/\/www.impulso.es\/en\/portfolio\/hibrido-nicaragua\/\" class=\"work-image\">\n\t\t\t\t\t\t\t\t<!-- Item Image -->\n\t\t\t\t\t\t\t\t<img decoding=\"async\" src=\"https:\/\/www.impulso.es\/wp-content\/uploads\/2017\/10\/photomolinoGE-450x350.jpg\" alt=\"Nicaragua Hybrid\">\n\t\t\t\t\t\t\t\t<!-- Item Details -->\n\t\t\t\t\t\t\t\t<div class=\"item-details\">\n\t\t\t\t\t\t\t\t\t<!-- Item Header -->\n\t\t\t\t\t\t\t\t\t<h3 class=\"portfolio-grid-title white\">Nicaragua Hybrid<\/h3>\n\t\t\t\t\t\t\t\t\t<!-- Item Strips -->\n\t\t\t\t\t\t\t\t\t<span class=\"portfolio-strips\"><\/span>\n\t\t\t\t\t\t\t\t\t<!-- Item Description -->\n\t\t\t\t\t\t\t\t\t<p class=\"font-primary uppercase\">\n\t\t\t\t\t\t\t\t\t\tEnergy, Engineering, Nicaragua, Strategic consulting\t\t\t\t\t\t\t\t\t<\/p>\n\t\t\t\t\t\t\t\t<\/div>\n\t\t\t\t\t\t\t\t<!-- End Item Details -->\n\t\t\t\t\t\t\t<\/a>\n\t\t\t\t\t\t\t<!-- End Item Link -->\n\t\t\t\t\t\t<\/div>\n\t\t\t\t\t\t<!-- End Item Inner -->\n\t\t\t\t\t<\/div>\n\n\t\t\t\t\t\n\t\t\t\t\t<div class=\"item boxed-item col-xs-4 cat-angola_en cat-energy cat-engineering cat-strategic-consulting-ingenieria \">\n\t\t\t\t\t\t<!-- Item Inner -->\n\t\t\t\t\t\t<div class=\"item-inner\">\n\t\t\t\t\t\t\t<!-- Item Link -->\n\t\t\t\t\t\t\t<a href=\"https:\/\/www.impulso.es\/en\/portfolio\/se4all\/\" class=\"work-image\">\n\t\t\t\t\t\t\t\t<!-- Item Image -->\n\t\t\t\t\t\t\t\t<img decoding=\"async\" src=\"https:\/\/www.impulso.es\/wp-content\/uploads\/2017\/11\/Imagen7-450x350.jpg\" alt=\"SE4ALL\">\n\t\t\t\t\t\t\t\t<!-- Item Details -->\n\t\t\t\t\t\t\t\t<div class=\"item-details\">\n\t\t\t\t\t\t\t\t\t<!-- Item Header -->\n\t\t\t\t\t\t\t\t\t<h3 class=\"portfolio-grid-title white\">SE4ALL<\/h3>\n\t\t\t\t\t\t\t\t\t<!-- Item Strips -->\n\t\t\t\t\t\t\t\t\t<span class=\"portfolio-strips\"><\/span>\n\t\t\t\t\t\t\t\t\t<!-- Item Description -->\n\t\t\t\t\t\t\t\t\t<p class=\"font-primary uppercase\">\n\t\t\t\t\t\t\t\t\t\tAngola, Energy, Engineering, Strategic consulting\t\t\t\t\t\t\t\t\t<\/p>\n\t\t\t\t\t\t\t\t<\/div>\n\t\t\t\t\t\t\t\t<!-- End Item Details -->\n\t\t\t\t\t\t\t<\/a>\n\t\t\t\t\t\t\t<!-- End Item Link -->\n\t\t\t\t\t\t<\/div>\n\t\t\t\t\t\t<!-- End Item Inner -->\n\t\t\t\t\t<\/div>\n\n\t\t\t\t\t\n\t\t\t\t\t<div class=\"item boxed-item col-xs-4 cat-engineering cat-water \">\n\t\t\t\t\t\t<!-- Item Inner -->\n\t\t\t\t\t\t<div class=\"item-inner\">\n\t\t\t\t\t\t\t<!-- Item Link -->\n\t\t\t\t\t\t\t<a href=\"https:\/\/www.impulso.es\/en\/portfolio\/lagos-water-corporation\/\" class=\"work-image\">\n\t\t\t\t\t\t\t\t<!-- Item Image -->\n\t\t\t\t\t\t\t\t<img decoding=\"async\" src=\"https:\/\/www.impulso.es\/wp-content\/uploads\/2017\/06\/LWC-450x350.jpg\" alt=\"Lagos Water Corporation\">\n\t\t\t\t\t\t\t\t<!-- Item Details -->\n\t\t\t\t\t\t\t\t<div class=\"item-details\">\n\t\t\t\t\t\t\t\t\t<!-- Item Header -->\n\t\t\t\t\t\t\t\t\t<h3 class=\"portfolio-grid-title white\">Lagos Water Corporation<\/h3>\n\t\t\t\t\t\t\t\t\t<!-- Item Strips -->\n\t\t\t\t\t\t\t\t\t<span class=\"portfolio-strips\"><\/span>\n\t\t\t\t\t\t\t\t\t<!-- Item Description -->\n\t\t\t\t\t\t\t\t\t<p class=\"font-primary uppercase\">\n\t\t\t\t\t\t\t\t\t\tEngineering, Water\t\t\t\t\t\t\t\t\t<\/p>\n\t\t\t\t\t\t\t\t<\/div>\n\t\t\t\t\t\t\t\t<!-- End Item Details -->\n\t\t\t\t\t\t\t<\/a>\n\t\t\t\t\t\t\t<!-- End Item Link -->\n\t\t\t\t\t\t<\/div>\n\t\t\t\t\t\t<!-- End Item Inner -->\n\t\t\t\t\t<\/div>\n\n\t\t\t\t\t\n\t\t\t\t\t<div class=\"item boxed-item col-xs-4 cat-engineering cat-israel-en cat-water \">\n\t\t\t\t\t\t<!-- Item Inner -->\n\t\t\t\t\t\t<div class=\"item-inner\">\n\t\t\t\t\t\t\t<!-- Item Link -->\n\t\t\t\t\t\t\t<a href=\"https:\/\/www.impulso.es\/en\/portfolio\/emisario-submarino\/\" class=\"work-image\">\n\t\t\t\t\t\t\t\t<!-- Item Image -->\n\t\t\t\t\t\t\t\t<img decoding=\"async\" src=\"https:\/\/www.impulso.es\/wp-content\/uploads\/2017\/06\/Emisario-450x350.jpg\" alt=\"Underwater Hydraulic Pipeline\">\n\t\t\t\t\t\t\t\t<!-- Item Details -->\n\t\t\t\t\t\t\t\t<div class=\"item-details\">\n\t\t\t\t\t\t\t\t\t<!-- Item Header -->\n\t\t\t\t\t\t\t\t\t<h3 class=\"portfolio-grid-title white\">Underwater Hydraulic Pipeline<\/h3>\n\t\t\t\t\t\t\t\t\t<!-- Item Strips -->\n\t\t\t\t\t\t\t\t\t<span class=\"portfolio-strips\"><\/span>\n\t\t\t\t\t\t\t\t\t<!-- Item Description -->\n\t\t\t\t\t\t\t\t\t<p class=\"font-primary uppercase\">\n\t\t\t\t\t\t\t\t\t\tEngineering, Israel, Water\t\t\t\t\t\t\t\t\t<\/p>\n\t\t\t\t\t\t\t\t<\/div>\n\t\t\t\t\t\t\t\t<!-- End Item Details -->\n\t\t\t\t\t\t\t<\/a>\n\t\t\t\t\t\t\t<!-- End Item Link -->\n\t\t\t\t\t\t<\/div>\n\t\t\t\t\t\t<!-- End Item Inner -->\n\t\t\t\t\t<\/div>\n\n\t\t\t\t\t\n\t\t\t\t\t<div class=\"item boxed-item col-xs-4 cat-consulting cat-industrial-en \">\n\t\t\t\t\t\t<!-- Item Inner -->\n\t\t\t\t\t\t<div class=\"item-inner\">\n\t\t\t\t\t\t\t<!-- Item Link -->\n\t\t\t\t\t\t\t<a href=\"https:\/\/www.impulso.es\/en\/portfolio\/planta-industrial-tvitec\/\" class=\"work-image\">\n\t\t\t\t\t\t\t\t<!-- Item Image -->\n\t\t\t\t\t\t\t\t<img decoding=\"async\" src=\"https:\/\/www.impulso.es\/wp-content\/uploads\/2017\/06\/tvitec2-450x350.jpg\" alt=\"TVITEC Industrial Plant\">\n\t\t\t\t\t\t\t\t<!-- Item Details -->\n\t\t\t\t\t\t\t\t<div class=\"item-details\">\n\t\t\t\t\t\t\t\t\t<!-- Item Header -->\n\t\t\t\t\t\t\t\t\t<h3 class=\"portfolio-grid-title white\">TVITEC Industrial Plant<\/h3>\n\t\t\t\t\t\t\t\t\t<!-- Item Strips -->\n\t\t\t\t\t\t\t\t\t<span class=\"portfolio-strips\"><\/span>\n\t\t\t\t\t\t\t\t\t<!-- Item Description -->\n\t\t\t\t\t\t\t\t\t<p class=\"font-primary uppercase\">\n\t\t\t\t\t\t\t\t\t\tConsulting, Industrial ENG\t\t\t\t\t\t\t\t\t<\/p>\n\t\t\t\t\t\t\t\t<\/div>\n\t\t\t\t\t\t\t\t<!-- End Item Details -->\n\t\t\t\t\t\t\t<\/a>\n\t\t\t\t\t\t\t<!-- End Item Link -->\n\t\t\t\t\t\t<\/div>\n\t\t\t\t\t\t<!-- End Item Inner -->\n\t\t\t\t\t<\/div>\n\n\t\t\t\t\t\n\t\t\t\t\t<div class=\"item boxed-item col-xs-4 cat-aquaculture cat-engineering cat-portugal-en cat-water \">\n\t\t\t\t\t\t<!-- Item Inner -->\n\t\t\t\t\t\t<div class=\"item-inner\">\n\t\t\t\t\t\t\t<!-- Item Link -->\n\t\t\t\t\t\t\t<a href=\"https:\/\/www.impulso.es\/en\/portfolio\/sie8\/\" class=\"work-image\">\n\t\t\t\t\t\t\t\t<!-- Item Image -->\n\t\t\t\t\t\t\t\t<img decoding=\"async\" src=\"https:\/\/www.impulso.es\/wp-content\/uploads\/2017\/06\/SIE8-450x350.jpg\" alt=\"AQUACRIA\">\n\t\t\t\t\t\t\t\t<!-- Item Details -->\n\t\t\t\t\t\t\t\t<div class=\"item-details\">\n\t\t\t\t\t\t\t\t\t<!-- Item Header -->\n\t\t\t\t\t\t\t\t\t<h3 class=\"portfolio-grid-title white\">AQUACRIA<\/h3>\n\t\t\t\t\t\t\t\t\t<!-- Item Strips -->\n\t\t\t\t\t\t\t\t\t<span class=\"portfolio-strips\"><\/span>\n\t\t\t\t\t\t\t\t\t<!-- Item Description -->\n\t\t\t\t\t\t\t\t\t<p class=\"font-primary uppercase\">\n\t\t\t\t\t\t\t\t\t\tAquaculture, Engineering, Portugal, Water\t\t\t\t\t\t\t\t\t<\/p>\n\t\t\t\t\t\t\t\t<\/div>\n\t\t\t\t\t\t\t\t<!-- End Item Details -->\n\t\t\t\t\t\t\t<\/a>\n\t\t\t\t\t\t\t<!-- End Item Link -->\n\t\t\t\t\t\t<\/div>\n\t\t\t\t\t\t<!-- End Item Inner -->\n\t\t\t\t\t<\/div>\n\n\t\t\t\t\t\n\t\t\t\t\t<div class=\"item boxed-item col-xs-4 cat-industrial-en \">\n\t\t\t\t\t\t<!-- Item Inner -->\n\t\t\t\t\t\t<div class=\"item-inner\">\n\t\t\t\t\t\t\t<!-- Item Link -->\n\t\t\t\t\t\t\t<a href=\"https:\/\/www.impulso.es\/en\/portfolio\/santander-coated-solutions\/\" class=\"work-image\">\n\t\t\t\t\t\t\t\t<!-- Item Image -->\n\t\t\t\t\t\t\t\t<img decoding=\"async\" src=\"https:\/\/www.impulso.es\/wp-content\/uploads\/2017\/06\/SCS1-450x350.jpg\" alt=\"SCS Industrial Plant\">\n\t\t\t\t\t\t\t\t<!-- Item Details -->\n\t\t\t\t\t\t\t\t<div class=\"item-details\">\n\t\t\t\t\t\t\t\t\t<!-- Item Header -->\n\t\t\t\t\t\t\t\t\t<h3 class=\"portfolio-grid-title white\">SCS Industrial Plant<\/h3>\n\t\t\t\t\t\t\t\t\t<!-- Item Strips -->\n\t\t\t\t\t\t\t\t\t<span class=\"portfolio-strips\"><\/span>\n\t\t\t\t\t\t\t\t\t<!-- Item Description -->\n\t\t\t\t\t\t\t\t\t<p class=\"font-primary uppercase\">\n\t\t\t\t\t\t\t\t\t\tIndustrial ENG\t\t\t\t\t\t\t\t\t<\/p>\n\t\t\t\t\t\t\t\t<\/div>\n\t\t\t\t\t\t\t\t<!-- End Item Details -->\n\t\t\t\t\t\t\t<\/a>\n\t\t\t\t\t\t\t<!-- End Item Link -->\n\t\t\t\t\t\t<\/div>\n\t\t\t\t\t\t<!-- End Item Inner -->\n\t\t\t\t\t<\/div>\n\n\t\t\t\t\t\n\t\t\t\t\t<div class=\"item boxed-item col-xs-4 cat-aquaculture cat-engineering cat-portugal-en cat-water \">\n\t\t\t\t\t\t<!-- Item Inner -->\n\t\t\t\t\t\t<div class=\"item-inner\">\n\t\t\t\t\t\t\t<!-- Item Link -->\n\t\t\t\t\t\t\t<a href=\"https:\/\/www.impulso.es\/en\/portfolio\/safiestela\/\" class=\"work-image\">\n\t\t\t\t\t\t\t\t<!-- Item Image -->\n\t\t\t\t\t\t\t\t<img decoding=\"async\" src=\"https:\/\/www.impulso.es\/wp-content\/uploads\/2017\/06\/SAFIESTELA-1-450x350.jpg\" alt=\"Safiestela\">\n\t\t\t\t\t\t\t\t<!-- Item Details -->\n\t\t\t\t\t\t\t\t<div class=\"item-details\">\n\t\t\t\t\t\t\t\t\t<!-- Item Header -->\n\t\t\t\t\t\t\t\t\t<h3 class=\"portfolio-grid-title white\">Safiestela<\/h3>\n\t\t\t\t\t\t\t\t\t<!-- Item Strips -->\n\t\t\t\t\t\t\t\t\t<span class=\"portfolio-strips\"><\/span>\n\t\t\t\t\t\t\t\t\t<!-- Item Description -->\n\t\t\t\t\t\t\t\t\t<p class=\"font-primary uppercase\">\n\t\t\t\t\t\t\t\t\t\tAquaculture, Engineering, Portugal, Water\t\t\t\t\t\t\t\t\t<\/p>\n\t\t\t\t\t\t\t\t<\/div>\n\t\t\t\t\t\t\t\t<!-- End Item Details -->\n\t\t\t\t\t\t\t<\/a>\n\t\t\t\t\t\t\t<!-- End Item Link -->\n\t\t\t\t\t\t<\/div>\n\t\t\t\t\t\t<!-- End Item Inner -->\n\t\t\t\t\t<\/div>\n\n\t\t\t\t\t\n\t<\/div><\/div>[\/vc_column][\/vc_row]<\/p>\n<\/div>","protected":false},"excerpt":{"rendered":"<p>[vc_row content_width=&#8221;fullwidth&#8221; el_class=&#8221;fullwidth&#8221;][vc_column][vc_empty_space][\/vc_column][\/vc_row]<\/p>\n","protected":false},"author":2,"featured_media":0,"parent":0,"menu_order":0,"comment_status":"closed","ping_status":"closed","template":"","meta":{"footnotes":""},"class_list":["post-8057","page","type-page","status-publish","hentry"],"rttpg_featured_image_url":null,"rttpg_author":{"display_name":"Alvaro Rodriguez","author_link":"https:\/\/www.impulso.es\/en\/author\/dragon\/"},"rttpg_comment":0,"rttpg_category":null,"rttpg_excerpt":"[vc_row content_width=&#8221;fullwidth&#8221; el_class=&#8221;fullwidth&#8221;][vc_column][vc_empty_space][\/vc_column][\/vc_row]","_links":{"self":[{"href":"https:\/\/www.impulso.es\/en\/wp-json\/wp\/v2\/pages\/8057","targetHints":{"allow":["GET"]}}],"collection":[{"href":"https:\/\/www.impulso.es\/en\/wp-json\/wp\/v2\/pages"}],"about":[{"href":"https:\/\/www.impulso.es\/en\/wp-json\/wp\/v2\/types\/page"}],"author":[{"embeddable":true,"href":"https:\/\/www.impulso.es\/en\/wp-json\/wp\/v2\/users\/2"}],"replies":[{"embeddable":true,"href":"https:\/\/www.impulso.es\/en\/wp-json\/wp\/v2\/comments?post=8057"}],"version-history":[{"count":0,"href":"https:\/\/www.impulso.es\/en\/wp-json\/wp\/v2\/pages\/8057\/revisions"}],"wp:attachment":[{"href":"https:\/\/www.impulso.es\/en\/wp-json\/wp\/v2\/media?parent=8057"}],"curies":[{"name":"wp","href":"https:\/\/api.w.org\/{rel}","templated":true}]}}